{"id":2883,"date":"2024-04-07T15:47:22","date_gmt":"2024-04-07T15:47:22","guid":{"rendered":"http:\/\/www.waimeaholding.pl\/?page_id=2883"},"modified":"2026-04-03T12:30:32","modified_gmt":"2026-04-03T12:30:32","slug":"zespol","status":"publish","type":"page","link":"https:\/\/www.waimeaholding.pl\/index.php\/zespol\/","title":{"rendered":"Zesp\u00f3\u0142"},"content":{"rendered":"<section class=\"sh-section sh-section-3d79c9a71be3f234b7cde3bb6ed93d0f fw-main-row team-section-menu sh-section-visibility-everywhere\">\r\n\t\r\n\t\r\n\t<div class=\"sh-section-container container\">\r\n\t\t<div class=\"fw-row\">\n\t\r\n<div class=\"sh-column sh-column-f2b370e5c9ddc07cd89a8ecc2ee7cc4b fw-col-xs-12 fw-col-sm-15\" >\r\n\r\n\t\r\n\t<div class=\"sh-column-wrapper\">\r\n\t\t\r\n<div id=\"text-block-1389db3d54dd48eb1bddf9e0ceaf896c\" class=\"sh-text-block team-menu-item active js-menu-all\">\r\n\t<p>WSZYSCY<\/p><\/div>\r\n\t<\/div>\r\n<\/div>\r\n\r\n<div class=\"sh-column sh-column-37c33b117a1dde8e40fb2985657da22c fw-col-xs-12 fw-col-sm-15\" >\r\n\r\n\t\r\n\t<div class=\"sh-column-wrapper\">\r\n\t\t\r\n<div id=\"text-block-c9080d74eac0f1368c5ac0dec235fd4f\" class=\"sh-text-block team-menu-item js-menu-zarzad\">\r\n\t<p>MANAGEMENT<\/p><\/div>\r\n\t<\/div>\r\n<\/div>\r\n\r\n<div class=\"sh-column sh-column-459001b7e6767453651c208853a3c2fb fw-col-xs-12 fw-col-sm-15\" >\r\n\r\n\t\r\n\t<div class=\"sh-column-wrapper\">\r\n\t\t\r\n<div id=\"text-block-6607325772c8ca7d90948545f5cc0268\" class=\"sh-text-block team-menu-item js-menu-leasing\">\r\n\t<p>LEASING<\/p><\/div>\r\n\t<\/div>\r\n<\/div>\r\n\r\n<div class=\"sh-column sh-column-79b256203642eee016e7e13772b6182a fw-col-xs-12 fw-col-sm-15\" >\r\n\r\n\t\r\n\t<div class=\"sh-column-wrapper\">\r\n\t\t\r\n<div id=\"text-block-7747835255b1ac3acd2cf1b3e228148a\" class=\"sh-text-block team-menu-item js-menu-pm\">\r\n\t<p>PROJECT MANAGEMENT<\/p><\/div>\r\n\t<\/div>\r\n<\/div>\r\n\r\n<div class=\"sh-column sh-column-908635f5de661539653219095c145393 fw-col-xs-12 fw-col-sm-15\" >\r\n\r\n\t\r\n\t<div class=\"sh-column-wrapper\">\r\n\t\t\r\n<div id=\"text-block-c7a19970c0e3457c801ba6d836b2a012\" class=\"sh-text-block team-menu-item js-menu-la\">\r\n\t<p>LAND ACQUISITION<\/p><\/div>\r\n\t<\/div>\r\n<\/div>\r\n<\/div>\n\n\t<\/div>\r\n<\/section>\r\n\r\n<section class=\"sh-section sh-section-e37f61981a6f12d621529ca15c8b5908 fw-main-row team-section js-section-zarzad sh-section-visibility-everywhere\">\r\n\t\r\n\t\r\n\t<div class=\"sh-section-container container\">\r\n\t\t<div class=\"fw-row\">\n\t\r\n<div class=\"sh-column sh-column-3835fec2f1671daaa5f9b82e2ba0cc1e fw-col-xs-12\" >\r\n\r\n\t\r\n\t<div class=\"sh-column-wrapper\">\r\n\t\t\r\n<div class=\"sh-heading\" id=\"heading-68f8894b304bb7014024586ad2dfec92\">\r\n\r\n\t\r\n\t\t<h2 class=\"sh-heading-content size-default text-left\">\r\n\t\t\tZESP\u00d3\u0141 ZARZ\u0104DZAJ\u0104CY\t\t<\/h2>\r\n\r\n\t\r\n<\/div>\r\n\t<\/div>\r\n<\/div>\r\n<\/div>\n\n<div class=\"fw-row\">\n\t\r\n<div class=\"sh-column sh-column-f518fa47d7d2011fbd988ea4ccf6c124 fw-col-xs-12 fw-col-sm-4\" >\r\n\r\n\t\r\n\t<div class=\"sh-column-wrapper\">\r\n\t\t\r\n<div id=\"single-image-cb3e0524842428ef0067c574ad96dd98\" class=\"sh-single-image\">\r\n\t\r\n\t\r\n\t\t<div class=\"sh-single-image-container\">\r\n\t\t\t\t\t\t\t\r\n\t\t\t\t\t\t\t\t\t\t\t<img decoding=\"async\" class=\"sh-image-url\" src=\"https:\/\/www.waimeaholding.pl\/wp-content\/uploads\/2024\/04\/Andrzej-Rosin\u0301ski.jpg\" alt=\"Andrzej Rosin\u0301ski\" \/>\r\n\t\t\t\t\t\t\t\t\t\t\t\r\n\t\t\t\t\t\t\t\r\n\t\t\t\t\t<\/div>\r\n\r\n\t\r\n<\/div>\r\n\t<\/div>\r\n<\/div>\r\n\r\n<div class=\"sh-column sh-column-1f614cca643b4b60a3ed823fa690bcd0 fw-col-xs-12 fw-col-sm-8\" >\r\n\r\n\t\r\n\t<div class=\"sh-column-wrapper\">\r\n\t\t\r\n<div class=\"sh-heading\" id=\"heading-32813048b88e674dc0f4760758c0b295\">\r\n\r\n\t\r\n\t\t<h5 class=\"sh-heading-content size-default text-left\">\r\n\t\t\tANDRZEJ ROSI\u0143SKI\t\t<\/h5>\r\n\r\n\t\r\n<\/div>\r\n\r\n<div class=\"sh-heading\" id=\"heading-e9563f29b518e066a95b71ceb95f5c3c\">\r\n\r\n\t\r\n\t\t<h6 class=\"sh-heading-content size-default text-left\">\r\n\t\t\tPRESIDENT OF THE BOARD\t\t<\/h6>\r\n\r\n\t\r\n<\/div>\r\n\r\n<div id=\"text-block-23eab18850f85b8b5d2626fe120a54b3\" class=\"sh-text-block\">\r\n\t<p>Za\u0142o\u017cyciel i Prezes Zarz\u0105du Waimea Group, kt\u00f3ry dostrzeg\u0142 ogromny potencja\u0142 polskiego rynku magazynowego, przyczyniaj\u0105c si\u0119 do budowy wysokiej jako\u015bci obiekt\u00f3w i kompleks\u00f3w logistycznych w ca\u0142ym kraju, w\u0142\u0105czaj\u0105c infrastruktur\u0119 lotniskow\u0105.<br \/>Do\u015bwiadczony profesjonalista na rynku nieruchomo\u015bci komercyjnych. Przez lata po\u015bwi\u0119ci\u0142 si\u0119 licznych projektom deweloperskim, nadzoruj\u0105c ca\u0142y proces od zakupu grunt\u00f3w po ich komercjalizacj\u0119. Odni\u00f3s\u0142 r\u00f3wnie\u017c wielki sukces w rozwoju sieci handlowych w ca\u0142ej Polsce, kt\u00f3re ostatecznie zosta\u0142y przej\u0119te przez niemieckiego inwestora.<\/p><\/div>\r\n\t<\/div>\r\n<\/div>\r\n<\/div>\n\n<div class=\"fw-row\">\n\t\r\n<div class=\"sh-column sh-column-7e17a3898c943c234e2a2b1dd1089ac7 fw-col-xs-12 fw-col-sm-4\" >\r\n\r\n\t\r\n\t<div class=\"sh-column-wrapper\">\r\n\t\t\r\n<div id=\"single-image-1368eab17d1be3d1f52336c9bf9b7f0e\" class=\"sh-single-image\">\r\n\t\r\n\t\r\n\t\t<div class=\"sh-single-image-container\">\r\n\t\t\t\t\t\t\t\r\n\t\t\t\t\t\t\t\t\t\t\t<img decoding=\"async\" class=\"sh-image-url\" src=\"https:\/\/www.waimeaholding.pl\/wp-content\/uploads\/2024\/04\/Marcin-\u0141ozin\u0301ski.jpg\" alt=\"Marcin \u0141ozin\u0301ski\" \/>\r\n\t\t\t\t\t\t\t\t\t\t\t\r\n\t\t\t\t\t\t\t\r\n\t\t\t\t\t<\/div>\r\n\r\n\t\r\n<\/div>\r\n\t<\/div>\r\n<\/div>\r\n\r\n<div class=\"sh-column sh-column-a0bd1bb2bb48f7067b92930c36ec0f24 fw-col-xs-12 fw-col-sm-8\" >\r\n\r\n\t\r\n\t<div class=\"sh-column-wrapper\">\r\n\t\t\r\n<div class=\"sh-heading\" id=\"heading-a87eb52224232b2a03caa1b15a64ea1f\">\r\n\r\n\t\r\n\t\t<h5 class=\"sh-heading-content size-default text-left\">\r\n\t\t\tMARCIN \u0141OZI\u0143SKI\t\t<\/h5>\r\n\r\n\t\r\n<\/div>\r\n\r\n<div class=\"sh-heading\" id=\"heading-2c78fc97e5858e57a956cfcaed12e207\">\r\n\r\n\t\r\n\t\t<h6 class=\"sh-heading-content size-default text-left\">\r\n\t\t\tCHIEF FINANCIAL OFFICER\t\t<\/h6>\r\n\r\n\t\r\n<\/div>\r\n\r\n<div id=\"text-block-9bce130278f9c52c0dd072675d19ec66\" class=\"sh-text-block\">\r\n\t<p>Posiada ponad 20 lat do\u015bwiadczenia w obszarach dzia\u0142alno\u015bci finansowej: inwestycjach, wycenach, finansowaniu i refinansowaniu, optymalizacji podatkowej. Profesjonalista \u0142\u0105cz\u0105cy wiedz\u0119 i do\u015bwiadczenie z rozbudowan\u0105 sieci\u0105 kontakt\u00f3w biznesowych w\u015br\u00f3d inwestor\u00f3w, przedsi\u0119biorc\u00f3w i stron finansuj\u0105cych. Skutecznie pozyskiwa\u0142 kredyty bankowe dla mi\u0119dzynarodowych nowicjuszy na polskim rynku nieruchomo\u015bci, takich jak ISOC Group. Pe\u0142ni\u0142 kierownicze stanowiska w firmach nieruchomo\u015bciowych takich jak ProLogis, Atlas Estates, Carpathian Asset Management Limited.<\/p><p>W Waimea Group kieruje Zespo\u0142em Finans\u00f3w jako Dyrektor Finansowy.<\/p><\/div>\r\n\t<\/div>\r\n<\/div>\r\n<\/div>\n\n<div class=\"fw-row\">\n\t\r\n<div class=\"sh-column sh-column-79c795a776a9ba6565fac5d47a2014f4 fw-col-xs-12 fw-col-sm-4\" >\r\n\r\n\t\r\n\t<div class=\"sh-column-wrapper\">\r\n\t\t\r\n<div id=\"single-image-c5891c8de9925a8bd3871a0288576340\" class=\"sh-single-image\">\r\n\t\r\n\t\r\n\t\t<div class=\"sh-single-image-container\">\r\n\t\t\t\t\t\t\t\r\n\t\t\t\t\t\t\t\t\t\t\t<img decoding=\"async\" class=\"sh-image-url\" src=\"https:\/\/www.waimeaholding.pl\/wp-content\/uploads\/2024\/04\/Tomasz-Ciesielski.jpg\" alt=\"Tomasz Ciesielski\" \/>\r\n\t\t\t\t\t\t\t\t\t\t\t\r\n\t\t\t\t\t\t\t\r\n\t\t\t\t\t<\/div>\r\n\r\n\t\r\n<\/div>\r\n\t<\/div>\r\n<\/div>\r\n\r\n<div class=\"sh-column sh-column-4c8d41fabe34c578ecca1b9a08b161c6 fw-col-xs-12 fw-col-sm-8\" >\r\n\r\n\t\r\n\t<div class=\"sh-column-wrapper\">\r\n\t\t\r\n<div class=\"sh-heading\" id=\"heading-09cff5dc5134ac5d126b3edacbb51ede\">\r\n\r\n\t\r\n\t\t<h5 class=\"sh-heading-content size-default text-left\">\r\n\t\t\tTOMASZ CIESIELSKI\t\t<\/h5>\r\n\r\n\t\r\n<\/div>\r\n\r\n<div class=\"sh-heading\" id=\"heading-f53597726d82ae6ef7df419c3d7a71b6\">\r\n\r\n\t\r\n\t\t<h6 class=\"sh-heading-content size-default text-left\">\r\n\t\t\tMANAGING DIRECTOR\t\t<\/h6>\r\n\r\n\t\r\n<\/div>\r\n\r\n<div id=\"text-block-3c30dc16cde5899822d897c2a69dc4aa\" class=\"sh-text-block\">\r\n\t<p>Posiada ponad 18 lat do\u015bwiadczenia zawodowego w bankowo\u015bci, doradztwie i nieruchomo\u015bciach, kt\u00f3re zdobywa\u0142 w Londynie i Warszawie. Podczas pracy w sektorze bankowym (SG CiB, MUFG, BNP Paribas) odpowiada\u0142 za finansowanie projekt\u00f3w inwestycyjnych dla czo\u0142owych mi\u0119dzynarodowych korporacji. W 2014 roku rozpocz\u0105\u0142 prac\u0119 na rynku nieruchomo\u015bci, gdzie finansowa\u0142 liczne projekty dla czo\u0142owych firm nieruchomo\u015bciowych z sektora logistyki, biur sprzeda\u017cy detalicznej. Od 2020 roku by\u0142 odpowiedzialny za tworzenie i zarz\u0105dzanie zespo\u0142em fuzji i przej\u0119\u0107 w sektorze nieruchomo\u015bci w PwC.<\/p><p>W Waimea Group kieruje Zespo\u0142em Rynk\u00f3w Kapita\u0142owych.<\/p><\/div>\r\n\t<\/div>\r\n<\/div>\r\n<\/div>\n\n\t<\/div>\r\n<\/section>\r\n\r\n<section class=\"sh-section sh-section-bb8df16d5429846e4324398bc739dc5a fw-main-row team-section js-section-leasing sh-section-visibility-everywhere\">\r\n\t\r\n\t\r\n\t<div class=\"sh-section-container container\">\r\n\t\t<div class=\"fw-row\">\n\t\r\n<div class=\"sh-column sh-column-3835fec2f1671daaa5f9b82e2ba0cc1e fw-col-xs-12\" >\r\n\r\n\t\r\n\t<div class=\"sh-column-wrapper\">\r\n\t\t\r\n<div class=\"sh-heading\" id=\"heading-891ee3e9babab5590be767ea0688b5eb\">\r\n\r\n\t\r\n\t\t<h2 class=\"sh-heading-content size-default text-left\">\r\n\t\t\tZESP\u00d3\u0141 LEASINGU\t\t<\/h2>\r\n\r\n\t\r\n<\/div>\r\n\t<\/div>\r\n<\/div>\r\n<\/div>\n\n<div class=\"fw-row\">\n\t\r\n<div class=\"sh-column sh-column-f94cc35cf6f8d9b25f5dbdcd4a5eb9ff fw-col-xs-12 fw-col-sm-4\" >\r\n\r\n\t\r\n\t<div class=\"sh-column-wrapper\">\r\n\t\t\r\n<div id=\"single-image-75ae74ae17132a0acc0cc1454b136991\" class=\"sh-single-image\">\r\n\t\r\n\t\r\n\t\t<div class=\"sh-single-image-container\">\r\n\t\t\t\t\t\t\t\r\n\t\t\t\t\t\t\t\t\t\t\t<img decoding=\"async\" class=\"sh-image-url\" src=\"https:\/\/www.waimeaholding.pl\/wp-content\/uploads\/2024\/04\/Daria-Rusishvili.jpg\" alt=\"Daria Rusishvili\" \/>\r\n\t\t\t\t\t\t\t\t\t\t\t\r\n\t\t\t\t\t\t\t\r\n\t\t\t\t\t<\/div>\r\n\r\n\t\r\n<\/div>\r\n\t<\/div>\r\n<\/div>\r\n\r\n<div class=\"sh-column sh-column-7c2edc7caf7194e342b25f98afa9f11f fw-col-xs-12 fw-col-sm-8\" >\r\n\r\n\t\r\n\t<div class=\"sh-column-wrapper\">\r\n\t\t\r\n<div class=\"sh-heading\" id=\"heading-6fee9b67cad475315c639d5c38c3e7b4\">\r\n\r\n\t\r\n\t\t<h5 class=\"sh-heading-content size-default text-left\">\r\n\t\t\tDARIA RUSISHVILI\t\t<\/h5>\r\n\r\n\t\r\n<\/div>\r\n\r\n<div class=\"sh-heading\" id=\"heading-de0ca1e7735c56eb245b42d79d3cec3a\">\r\n\r\n\t\r\n\t\t<h6 class=\"sh-heading-content size-default text-left\">\r\n\t\t\tHEAD OF LEASING\t\t<\/h6>\r\n\r\n\t\r\n<\/div>\r\n\r\n<div id=\"text-block-a64d521b52c43b1081ae078a505574af\" class=\"sh-text-block\">\r\n\t<p>Posiada 20 lat do\u015bwiadczenia w bran\u017cy nieruchomo\u015bci, w tym zarz\u0105dzanie nieruchomo\u015bciami i wynajem zar\u00f3wno po stronie developer\u00f3w jak i agencji (retail, biura, magazyny). <span class=\"ui-provider a b c d e f g h i j k l m n o p q r s t u v w x y z ab ac ae af ag ah ai aj ak\" dir=\"ltr\">Pracuj\u0105c dla 7R odpowiada\u0142a za projekty logistyczne. W C&amp;W zajmowa\u0142a si\u0119 reprezentacj\u0105 najemc\u00f3w i w\u0142a\u015bcicieli budynk\u00f3w. W Unimor Development S.A. wsp\u00f3\u0142tworzy\u0142a strategi\u0119 wynajmu, marketing i komunikacj\u0119. <\/span><\/p><p>W Waimea Group odpowiada za projekty zlokalizowane na p\u00f3\u0142nocy Polski.<\/p><\/div>\r\n\t<\/div>\r\n<\/div>\r\n<\/div>\n\n<div class=\"fw-row\">\n\t\r\n<div class=\"sh-column sh-column-6aab7ae3756de34575de436d4bf444d3 fw-col-xs-12 fw-col-sm-4\" >\r\n\r\n\t\r\n\t<div class=\"sh-column-wrapper\">\r\n\t\t\r\n<div id=\"single-image-56540e6ddb06b9e9f9e6229d677fb2ae\" class=\"sh-single-image\">\r\n\t\r\n\t\r\n\t\t<div class=\"sh-single-image-container\">\r\n\t\t\t\t\t\t\t\r\n\t\t\t\t\t\t\t\t\t\t\t<img decoding=\"async\" class=\"sh-image-url\" src=\"https:\/\/www.waimeaholding.pl\/wp-content\/uploads\/2025\/12\/Projekt-bez-nazwy-2-1-1024x1024.png\" alt=\"Robert Kowalkowski\" \/>\r\n\t\t\t\t\t\t\t\t\t\t\t\r\n\t\t\t\t\t\t\t\r\n\t\t\t\t\t<\/div>\r\n\r\n\t\r\n<\/div>\r\n\t<\/div>\r\n<\/div>\r\n\r\n<div class=\"sh-column sh-column-5d43e797a9e86ccbedffba7d7194ea65 fw-col-xs-12 fw-col-sm-8\" >\r\n\r\n\t\r\n\t<div class=\"sh-column-wrapper\">\r\n\t\t\r\n<div class=\"sh-heading\" id=\"heading-9d58f2aa1b09bad46d1e7ed67a2d7898\">\r\n\r\n\t\r\n\t\t<h5 class=\"sh-heading-content size-default text-left\">\r\n\t\t\tROBERT KOWALKOWSKI\t\t<\/h5>\r\n\r\n\t\r\n<\/div>\r\n\r\n<div class=\"sh-heading\" id=\"heading-3290122e0f5c7d315adaaefa5d5b0668\">\r\n\r\n\t\r\n\t\t<h6 class=\"sh-heading-content size-default text-left\">\r\n\t\t\tLEASING MANAGER\t\t<\/h6>\r\n\r\n\t\r\n<\/div>\r\n\r\n<div id=\"text-block-d53abaadace12b5ff03a0d8360f510da\" class=\"sh-text-block\">\r\n\t<p style=\"font-weight: 400;\">Robert ma blisko 20-letnie do\u015bwiadczenie w handlu i obs\u0142udze klienta w sektorze B2B. Na pocz\u0105tku kariery zwi\u0105zany by\u0142 z bran\u017c\u0105 us\u0142ug marketingowych i rozwi\u0105za\u0144 IT, a od blisko 10 lat dzia\u0142a w bran\u017cy nieruchomo\u015bci komercyjnych.<\/p><p style=\"font-weight: 400;\">W ostatnich latach pracowa\u0142\u00a0m.in. jako Starszy Doradca Klienta i Pe\u0142nomocnik Zarz\u0105du w Property Place oraz Senior Industrial &amp; Logistic Advisor w Rock Estate. W swojej karierze wsp\u00f3\u0142pracowa\u0142 z najemcami z r\u00f3\u017cnych bran\u017c (logistyka, produkcja, handel) wspieraj\u0105c ich w procesie wynajmu standardowych lub dedykowanych (BTS) powierzchni magazynowych i produkcyjnych na terenie ca\u0142ej Polsce. Ostatnio zdobywa\u0142 do\u015bwiadczenie w Urz\u0119dzie\u00a0m.st. Warszawy, zajmuj\u0105c si\u0119 gospodarowaniem nieruchomo\u015bciami miejskimi.<\/p><p style=\"font-weight: 400;\">W Waimea Group odpowiada za projekty zlokalizowane w Warszawie.<\/p><\/div>\r\n\t<\/div>\r\n<\/div>\r\n<\/div>\n\n\t<\/div>\r\n<\/section>\r\n\r\n<section class=\"sh-section sh-section-b3992aec82ee97044aed7a4faf297e94 fw-main-row team-section js-section-pm sh-section-visibility-everywhere\">\r\n\t\r\n\t\r\n\t<div class=\"sh-section-container container\">\r\n\t\t<div class=\"fw-row\">\n\t\r\n<div class=\"sh-column sh-column-3835fec2f1671daaa5f9b82e2ba0cc1e fw-col-xs-12\" >\r\n\r\n\t\r\n\t<div class=\"sh-column-wrapper\">\r\n\t\t\r\n<div class=\"sh-heading\" id=\"heading-00d03d48508688ead9f93d9197061ada\">\r\n\r\n\t\r\n\t\t<h2 class=\"sh-heading-content size-default text-left\">\r\n\t\t\tZESP\u00d3\u0141 PROJECT MANAGEMENT\t\t<\/h2>\r\n\r\n\t\r\n<\/div>\r\n\t<\/div>\r\n<\/div>\r\n<\/div>\n\n<div class=\"fw-row\">\n\t\r\n<div class=\"sh-column sh-column-c2cea860ec734bf1e7ebdf717768374f fw-col-xs-12 fw-col-sm-4\" >\r\n\r\n\t\r\n\t<div class=\"sh-column-wrapper\">\r\n\t\t\r\n<div id=\"single-image-30914162707a28e9283d88a63db1386c\" class=\"sh-single-image\">\r\n\t\r\n\t\r\n\t\t<div class=\"sh-single-image-container\">\r\n\t\t\t\t\t\t\t\r\n\t\t\t\t\t\t\t\t\t\t\t<img decoding=\"async\" class=\"sh-image-url\" src=\"https:\/\/www.waimeaholding.pl\/wp-content\/uploads\/2024\/04\/Bartosz-Lukas.jpg\" alt=\"Bartosz Lukas\" \/>\r\n\t\t\t\t\t\t\t\t\t\t\t\r\n\t\t\t\t\t\t\t\r\n\t\t\t\t\t<\/div>\r\n\r\n\t\r\n<\/div>\r\n\t<\/div>\r\n<\/div>\r\n\r\n<div class=\"sh-column sh-column-e98245a98a036c81aab83cf632b2e606 fw-col-xs-12 fw-col-sm-8\" >\r\n\r\n\t\r\n\t<div class=\"sh-column-wrapper\">\r\n\t\t\r\n<div class=\"sh-heading\" id=\"heading-e6edff9de6a067945b64dbeee2b05fb9\">\r\n\r\n\t\r\n\t\t<h5 class=\"sh-heading-content size-default text-left\">\r\n\t\t\tBARTOSZ LUKAS\t\t<\/h5>\r\n\r\n\t\r\n<\/div>\r\n\r\n<div class=\"sh-heading\" id=\"heading-babde70adbc63c9893933eac1aef9154\">\r\n\r\n\t\r\n\t\t<h6 class=\"sh-heading-content size-default text-left\">\r\n\t\t\tHEAD OF PROJECT MANAGEMENT\t\t<\/h6>\r\n\r\n\t\r\n<\/div>\r\n\r\n<div id=\"text-block-29b0e0faf657e7b2194674a49e4a0832\" class=\"sh-text-block\">\r\n\t<p>Posiada ponad 15 lat do\u015bwiadczenia w sektorze budowlanym, pracuj\u0105c dla firm takich jak Panattoni, Dekra, Immofinanz i Auchan. W trakcie dotychczasowej kariery skutecznie realizowa\u0142 projekty takie jak Panattoni Warsaw City VIII, Panattoni Warsaw City XI, VIVO! Kroso, Galeria Piaseczno i Galeria Bronowice.<\/p><p>W Waimea Group zarz\u0105dza Zespo\u0142em Project Management i odpowiada za realizacj\u0119 inwestycji.<\/p><\/div>\r\n\t<\/div>\r\n<\/div>\r\n<\/div>\n\n<div class=\"fw-row\">\n\t\r\n<div class=\"sh-column sh-column-10062a6e07cbd768ce97a3bba605e790 fw-col-xs-12 fw-col-sm-4\" >\r\n\r\n\t\r\n\t<div class=\"sh-column-wrapper\">\r\n\t\t\r\n<div id=\"single-image-cde76e4323d9ca2f9e383fb02097f121\" class=\"sh-single-image\">\r\n\t\r\n\t\r\n\t\t<div class=\"sh-single-image-container\">\r\n\t\t\t\t\t\t\t\r\n\t\t\t\t\t\t\t\t\t\t\t<img decoding=\"async\" class=\"sh-image-url\" src=\"https:\/\/www.waimeaholding.pl\/wp-content\/uploads\/2024\/04\/Magdalena-Kuchta-1.jpg\" alt=\"Magdalena Kuchta\" \/>\r\n\t\t\t\t\t\t\t\t\t\t\t\r\n\t\t\t\t\t\t\t\r\n\t\t\t\t\t<\/div>\r\n\r\n\t\r\n<\/div>\r\n\t<\/div>\r\n<\/div>\r\n\r\n<div class=\"sh-column sh-column-188fa08e1501e44a4211ddd586992ecc fw-col-xs-12 fw-col-sm-8\" >\r\n\r\n\t\r\n\t<div class=\"sh-column-wrapper\">\r\n\t\t\r\n<div class=\"sh-heading\" id=\"heading-f2105e93be478cfc6c81d7ed78c53afe\">\r\n\r\n\t\r\n\t\t<h5 class=\"sh-heading-content size-default text-left\">\r\n\t\t\tMAGDALENA KUCHTA\t\t<\/h5>\r\n\r\n\t\r\n<\/div>\r\n\r\n<div class=\"sh-heading\" id=\"heading-92a15a316cde8e30a394cad78fdd60a0\">\r\n\r\n\t\r\n\t\t<h6 class=\"sh-heading-content size-default text-left\">\r\n\t\t\tLEGAL COUNSEL\t\t<\/h6>\r\n\r\n\t\r\n<\/div>\r\n\r\n<div id=\"text-block-0f22bfd51be5e619ba4bcf09a68cd1fb\" class=\"sh-text-block\">\r\n\t<p>Posiada 10 lat do\u015bwiadczenia we wsparciu proces\u00f3w inwestycyjnych i budowlanych. Uko\u0144czy\u0142a Wydzia\u0142 Prawa i Administracji na Uniwersytecie Gda\u0144skim. Zdoby\u0142a do\u015bwiadczenie pracuj\u0105c w dziale nieruchomo\u015bci renomowanej kancelarii prawnej oraz jako Lider Zespo\u0142u Prawnego w Dziale Projektowym jednego z najwi\u0119kszych deweloper\u00f3w w Polsce.<\/p><p>W Waimea Group odpowiada za wsparcie prawne Zespo\u0142u Zarz\u0105dzania Projetami.<\/p><\/div>\r\n\t<\/div>\r\n<\/div>\r\n<\/div>\n\n\t<\/div>\r\n<\/section>\r\n\r\n<section class=\"sh-section sh-section-4b9aab2227738336a0fddbb02dbbdfe2 fw-main-row team-section js-section-la sh-section-visibility-everywhere\">\r\n\t\r\n\t\r\n\t<div class=\"sh-section-container container\">\r\n\t\t<div class=\"fw-row\">\n\t\r\n<div class=\"sh-column sh-column-3835fec2f1671daaa5f9b82e2ba0cc1e fw-col-xs-12\" >\r\n\r\n\t\r\n\t<div class=\"sh-column-wrapper\">\r\n\t\t\r\n<div class=\"sh-heading\" id=\"heading-b319420c785a32ad4af8d8bb659bcf82\">\r\n\r\n\t\r\n\t\t<h2 class=\"sh-heading-content size-default text-left\">\r\n\t\t\tZESP\u00d3\u0141 LAND ACQUISITION\t\t<\/h2>\r\n\r\n\t\r\n<\/div>\r\n\t<\/div>\r\n<\/div>\r\n<\/div>\n\n<div class=\"fw-row\">\n\t\r\n<div class=\"sh-column sh-column-a10e9aed15a72400ee3d4d3f5720ec88 fw-col-xs-12 fw-col-sm-4\" >\r\n\r\n\t\r\n\t<div class=\"sh-column-wrapper\">\r\n\t\t\r\n<div id=\"single-image-130a24be511d4c7520b632002fa4f7a2\" class=\"sh-single-image\">\r\n\t\r\n\t\r\n\t\t<div class=\"sh-single-image-container\">\r\n\t\t\t\t\t\t\t\r\n\t\t\t\t\t\t\t\t\t\t\t<img decoding=\"async\" class=\"sh-image-url\" src=\"https:\/\/www.waimeaholding.pl\/wp-content\/uploads\/2024\/09\/szymon-cichocki-1.jpg\" alt=\"szymon cichocki (1)\" \/>\r\n\t\t\t\t\t\t\t\t\t\t\t\r\n\t\t\t\t\t\t\t\r\n\t\t\t\t\t<\/div>\r\n\r\n\t\r\n<\/div>\r\n\t<\/div>\r\n<\/div>\r\n\r\n<div class=\"sh-column sh-column-b68f380da1c7a7611b4d108ee0030383 fw-col-xs-12 fw-col-sm-8\" >\r\n\r\n\t\r\n\t<div class=\"sh-column-wrapper\">\r\n\t\t\r\n<div class=\"sh-heading\" id=\"heading-dcaf1fd95bd016233ff5b255f8abaef6\">\r\n\r\n\t\r\n\t\t<h5 class=\"sh-heading-content size-default text-left\">\r\n\t\t\tSZYMON CICHOCKI\t\t<\/h5>\r\n\r\n\t\r\n<\/div>\r\n\r\n<div class=\"sh-heading\" id=\"heading-3abd3ea503c829100d343390a82ceec3\">\r\n\r\n\t\r\n\t\t<h6 class=\"sh-heading-content size-default text-left\">\r\n\t\t\tSENIOR LAND MANAGER\t\t<\/h6>\r\n\r\n\t\r\n<\/div>\r\n\r\n<div id=\"text-block-c7dbd4bc8624bcf7cf5fe17d583a888a\" class=\"sh-text-block\">\r\n\t<p>Do\u015bwiadczony profesjonalista w zakresie pozyskiwania nieruchomo\u015bci oraz doradztwa prawnego dla deweloper\u00f3w. Pozyska\u0142 ponad 25 nieruchomo\u015bci wielorodzinnych i komercyjnych w 10 miastach Polski, gromadz\u0105c oko\u0142o 320 000 m2 u\u017cytkowej powierzchni ca\u0142kowitej dla jednego z najwi\u0119kszych deweloper\u00f3w w Polsce. Pozyska\u0142 nieruchomo\u015bci magazynowe o \u0142\u0105cznej powierzchni oko\u0142o 530 000 m2.<\/p><p>W Waimea Group odpowiada za pozyskiwanie grunt\u00f3w pod inwestycje magazynowe.<\/p><\/div>\r\n\t<\/div>\r\n<\/div>\r\n<\/div>\n\n\t<\/div>\r\n<\/section>\n","protected":false},"excerpt":{"rendered":"<p>WSZYSCY MANAGEMENT LEASING PROJECT MANAGEMENT LAND ACQUISITION ZESP\u00d3\u0141 ZARZ\u0104DZAJ\u0104CY ANDRZEJ ROSI\u0143SKI PRESIDENT OF THE BOARD Za\u0142o\u017cyciel i Prezes Zarz\u0105du Waimea Group, kt\u00f3ry dostrzeg\u0142 ogromny potencja\u0142 polskiego rynku magazynowego, przyczyniaj\u0105c si\u0119 do budowy wysokiej jako\u015bci obiekt\u00f3w i kompleks\u00f3w logistycznych w ca\u0142ym kraju, w\u0142\u0105czaj\u0105c infrastruktur\u0119 lotniskow\u0105.Do\u015bwiadczony profesjonalista&#8230;<\/p>\n","protected":false},"author":4,"featured_media":0,"parent":0,"menu_order":0,"comment_status":"closed","ping_status":"closed","template":"","meta":{"_acf_changed":false,"_monsterinsights_skip_tracking":false,"_monsterinsights_sitenote_active":false,"_monsterinsights_sitenote_note":"","_monsterinsights_sitenote_category":0,"footnotes":""},"acf":[],"_links":{"self":[{"href":"https:\/\/www.waimeaholding.pl\/index.php\/wp-json\/wp\/v2\/pages\/2883"}],"collection":[{"href":"https:\/\/www.waimeaholding.pl\/index.php\/wp-json\/wp\/v2\/pages"}],"about":[{"href":"https:\/\/www.waimeaholding.pl\/index.php\/wp-json\/wp\/v2\/types\/page"}],"author":[{"embeddable":true,"href":"https:\/\/www.waimeaholding.pl\/index.php\/wp-json\/wp\/v2\/users\/4"}],"replies":[{"embeddable":true,"href":"https:\/\/www.waimeaholding.pl\/index.php\/wp-json\/wp\/v2\/comments?post=2883"}],"version-history":[{"count":68,"href":"https:\/\/www.waimeaholding.pl\/index.php\/wp-json\/wp\/v2\/pages\/2883\/revisions"}],"predecessor-version":[{"id":3725,"href":"https:\/\/www.waimeaholding.pl\/index.php\/wp-json\/wp\/v2\/pages\/2883\/revisions\/3725"}],"wp:attachment":[{"href":"https:\/\/www.waimeaholding.pl\/index.php\/wp-json\/wp\/v2\/media?parent=2883"}],"curies":[{"name":"wp","href":"https:\/\/api.w.org\/{rel}","templated":true}]}}