{"id":1637,"date":"2019-04-25T11:41:51","date_gmt":"2019-04-25T11:41:51","guid":{"rendered":"http:\/\/waimeaholding.batorski.tech\/?page_id=1637"},"modified":"2024-04-23T09:09:23","modified_gmt":"2024-04-23T09:09:23","slug":"zarzadzanie-obiektami","status":"publish","type":"page","link":"https:\/\/www.waimeaholding.pl\/index.php\/zarzadzanie-obiektami\/","title":{"rendered":"Us\u0142ugi"},"content":{"rendered":"<section class=\"sh-section sh-section-76fe0b6410275a1c4fcc09a1c836716f fw-main-row sh-section-visibility-everywhere\">\r\n\t\r\n\t\r\n\t<div class=\"sh-section-container container-fluid\">\r\n\t\t<div class=\"fw-row\">\n\t\r\n<div class=\"sh-column sh-column-907e377fca7bea9a42ef5ededba504fb fw-col-xs-12\" >\r\n\r\n\t\r\n\t<div class=\"sh-column-wrapper\">\r\n\t\t\r\n<div class=\"sh-heading\" id=\"heading-4d55cc2e5e039073de2941c5fc6a635f\">\r\n\r\n\t\r\n\t\t<h1 class=\"sh-heading-content size-default text-left\">\r\n\t\t\tUS\u0141UGI DEWELOPERSKIE\t\t<\/h1>\r\n\r\n\t\r\n<\/div>\r\n\r\n<div id=\"text-block-a75fcbeabb441af958f517b132abde13\" class=\"sh-text-block\">\r\n\t<p><strong>Grupa Kapita\u0142owa\u00a0Waimea<\/strong> od 2010 roku z powodzeniem realizuje projekty deweloperskie na terenie Polski. Funkcjonuje na rynku nieruchomo\u015bci komercyjnych jako deweloper specjalizuj\u0105cy si\u0119 w budowie nowoczesnych powierzchni magazynowych, produkcyjnych oraz infrastruktury lotniskowej.<\/p><p><strong>Zakres us\u0142ug deweloperskich:<\/strong><\/p><ul><li>projektowanie powierzchni magazynowych, logistycznych i produkcyjnych zgodnie z potrzebami inwestora,<\/li><li>uzyskanie wszystkich niezb\u0119dnych pozwole\u0144 na ka\u017cdym etapie inwestycji,<\/li><li>wyb\u00f3r wykonawc\u00f3w i prowadzenie nadzoru nad budow\u0105 inwestycji,<\/li><li>przekazanie inwestycji do u\u017cytkowania.<\/li><\/ul><\/div>\r\n\r\n<div id=\"divider-ef682fbcda5bfff872fc08c33e750cf2\" class=\"sh-divider sh-divider-center sh-divider-content-none\">\r\n\t\t\t<div class=\"sh-divider-line\"><\/div>\r\n\t<\/div>\r\n\t<\/div>\r\n<\/div>\r\n<\/div>\n\n\t<\/div>\r\n<\/section>\r\n\r\n<section class=\"sh-section sh-section-4786d0d9c5c943b091330b3eecf2c30e fw-main-row sh-section-visibility-everywhere\">\r\n\t\r\n\t\r\n\t<div class=\"sh-section-container container\">\r\n\t\t<div class=\"fw-row\">\n\t\r\n<div class=\"sh-column sh-column-e57e5ba809455c304ea6ec5798ef8ac4 fw-col-xs-12\" >\r\n\r\n\t\r\n\t<div class=\"sh-column-wrapper\">\r\n\t\t\r\n<div class=\"sh-heading\" id=\"heading-c3cc4a8866092b41651df3247a82aaec\">\r\n\r\n\t\r\n\t\t<h1 class=\"sh-heading-content size-default text-left\">\r\n\t\t\tWYNAJEM I SPRZEDA\u017b POWIERZCHNI MAGAZYNOWYCH\t\t<\/h1>\r\n\r\n\t\r\n<\/div>\r\n\r\n<div id=\"text-block-a46b1d5a45a0dddb16c6b8f20bbd11be\" class=\"sh-text-block\">\r\n\t<p>Naszym atutem jest <strong>znajomo\u015b\u0107 lokalnych potrzeb<\/strong> oraz szybkie reagowanie na nowe tendencje rynku nieruchomo\u015bci komercyjnych. Dzi\u0119ki temu oferujemy swoim partnerom biznesowym najnowocze\u015bniejsze rozwi\u0105zania, a na ka\u017cdym etapie procesu negocjacyjnego dbamy o <strong>zapewnienie najwy\u017cszych standard\u00f3w<\/strong>.<\/p><p>Nasz\u0105 si\u0142\u0105 jest <b>do\u015bwiadczony zesp\u00f3\u0142 ekspert\u00f3w<\/b>, kt\u00f3ry z pe\u0142nym <b>zaanga\u017cowaniem <\/b>i <b>profesjonalizmem<\/b> podchodzi do ka\u017cdego projektu.<\/p><\/div>\r\n\r\n<div id=\"divider-41e7163ef2ba76a38295b21993903361\" class=\"sh-divider sh-divider-center sh-divider-content-none\">\r\n\t\t\t<div class=\"sh-divider-line\"><\/div>\r\n\t<\/div>\r\n\t<\/div>\r\n<\/div>\r\n<\/div>\n\n\t<\/div>\r\n<\/section>\r\n\r\n<section class=\"sh-section sh-section-e41ae7d69c979bb09b753f39d67a9a7b fw-main-row sh-section-visibility-everywhere\">\r\n\t\r\n\t\r\n\t<div class=\"sh-section-container container\">\r\n\t\t<div class=\"fw-row\">\n\t\r\n<div class=\"sh-column sh-column-c9be80e56408ef475cbf86020d27e18f fw-col-xs-12\" >\r\n\r\n\t\r\n\t<div class=\"sh-column-wrapper\">\r\n\t\t\r\n<div class=\"sh-heading\" id=\"heading-224498a3f49f76e351963812b5613d4a\">\r\n\r\n\t\r\n\t\t<h1 class=\"sh-heading-content size-default text-left\">\r\n\t\t\tZARZ\u0104DZANIE OBIEKTAMI MAGAZYNOWO-PRODUKCYJNYMI\t\t<\/h1>\r\n\r\n\t\r\n<\/div>\r\n\r\n<div id=\"text-block-97b7223692806e9f27a1a7e6e57b603c\" class=\"sh-text-block\">\r\n\t<p>Waimea Property Management to zesp\u00f3l do\u015bwiadczonych ekspert\u00f3w, kt\u00f3rzy posiadaj\u0105 d\u0142ugotrwa\u0142e do\u015bwiadczenie w zarz\u0105dzaniu obiektami magazynowo-produkcyjnymi. Wyr\u00f3\u017cnia doskona\u0142a znajomo\u015b\u0107 specyfiki tego rodzaju nieruchomo\u015bci. Stawiamy na wykorzystanie nowoczesnych system\u00f3w i technologii, aby \u015bwiadczy\u0107 us\u0142ugi na najwy\u017cszym poziomie.<\/p><\/div>\r\n\r\n<div id=\"divider-4da9830b998a3c3f2c14b5b641002ff4\" class=\"sh-divider sh-divider-center sh-divider-content-none\">\r\n\t\t\t<div class=\"sh-divider-line\"><\/div>\r\n\t<\/div>\r\n\t<\/div>\r\n<\/div>\r\n<\/div>\n\n\t<\/div>\r\n<\/section>\n","protected":false},"excerpt":{"rendered":"<p>US\u0141UGI DEWELOPERSKIE Grupa Kapita\u0142owa\u00a0Waimea od 2010 roku z powodzeniem realizuje projekty deweloperskie na terenie Polski. Funkcjonuje na rynku nieruchomo\u015bci komercyjnych jako deweloper specjalizuj\u0105cy si\u0119 w budowie nowoczesnych powierzchni magazynowych, produkcyjnych oraz infrastruktury lotniskowej.Zakres us\u0142ug deweloperskich:projektowanie powierzchni magazynowych, logistycznych i produkcyjnych zgodnie z potrzebami inwestora,uzyskanie wszystkich&#8230;<\/p>\n","protected":false},"author":1,"featured_media":0,"parent":0,"menu_order":0,"comment_status":"closed","ping_status":"closed","template":"","meta":{"_acf_changed":false,"_monsterinsights_skip_tracking":false,"_monsterinsights_sitenote_active":false,"_monsterinsights_sitenote_note":"","_monsterinsights_sitenote_category":0,"footnotes":""},"acf":[],"_links":{"self":[{"href":"https:\/\/www.waimeaholding.pl\/index.php\/wp-json\/wp\/v2\/pages\/1637"}],"collection":[{"href":"https:\/\/www.waimeaholding.pl\/index.php\/wp-json\/wp\/v2\/pages"}],"about":[{"href":"https:\/\/www.waimeaholding.pl\/index.php\/wp-json\/wp\/v2\/types\/page"}],"author":[{"embeddable":true,"href":"https:\/\/www.waimeaholding.pl\/index.php\/wp-json\/wp\/v2\/users\/1"}],"replies":[{"embeddable":true,"href":"https:\/\/www.waimeaholding.pl\/index.php\/wp-json\/wp\/v2\/comments?post=1637"}],"version-history":[{"count":25,"href":"https:\/\/www.waimeaholding.pl\/index.php\/wp-json\/wp\/v2\/pages\/1637\/revisions"}],"predecessor-version":[{"id":3105,"href":"https:\/\/www.waimeaholding.pl\/index.php\/wp-json\/wp\/v2\/pages\/1637\/revisions\/3105"}],"wp:attachment":[{"href":"https:\/\/www.waimeaholding.pl\/index.php\/wp-json\/wp\/v2\/media?parent=1637"}],"curies":[{"name":"wp","href":"https:\/\/api.w.org\/{rel}","templated":true}]}}