{"id":1503,"date":"2019-04-23T10:59:25","date_gmt":"2019-04-23T10:59:25","guid":{"rendered":"http:\/\/waimeaholding.batorski.tech\/?page_id=1503"},"modified":"2026-02-26T09:19:05","modified_gmt":"2026-02-26T09:19:05","slug":"kontakt-2","status":"publish","type":"page","link":"https:\/\/www.waimeaholding.pl\/index.php\/kontakt-2\/","title":{"rendered":"Kontakt"},"content":{"rendered":"\r\n<section class=\"sh-section sh-section-a2b5a94318c76ec94358573f26c023a6 fw-main-row sh-section-visibility-everywhere sh-animated fadeInUp\" id=\"contacts\" data-wow-duration=\"2s\" >\r\n\t\r\n\t\r\n\t<div class=\"sh-section-container container\">\r\n\t\t<div class=\"fw-row\">\n\t\r\n<div class=\"sh-column sh-column-f7ed7c9df2c4af0e0bc2a4698435c7e7 fw-col-xs-12 fw-col-sm-8 sh-column-mobile-padding\" >\r\n\r\n\t\r\n\t<div class=\"sh-column-wrapper\">\r\n\t\t\r\n\r\n\t<div class=\"sh-heading sh-heading-style1\" id=\"heading-04bc2f1156b3be081c0313e30a45da60\">\r\n\t\t<h1 class=\"sh-heading-content size-l\">\r\n\t\t\t<span style=\"text-align: left;\"><strong>Skontaktuj si\u0119 z nami<\/strong><\/span>\t\t<\/h1>\r\n\t<\/div>\r\n\r\n\r\n<div class=\"sh-empty-space\" id=\"empty-space-d52ee1e0dd3a52a1db4cf910ba9ba2e3\"><\/div>\r\n<div id=\"contact-form-e719dbe8578307ecec03dce2b82f4410\" class=\"form-wrapper contact-form\">\r\n\t<form data-fw-form-id=\"fw_form\" method=\"post\" action=\"https:\/\/www.waimeaholding.pl\/index.php\/wp-json\/wp\/v2\/pages\/1503\" class=\"fw_form_fw_form\" data-fw-ext-forms-type=\"contact-forms\"><input type=\"hidden\" name=\"fwf\" value=\"fw_form\" \/><input type=\"hidden\" id=\"_nonce_5b113463f95adacffb13ba06e88edfc2\" name=\"_nonce_5b113463f95adacffb13ba06e88edfc2\" value=\"d0c24287f3\" \/><input type=\"hidden\" name=\"_wp_http_referer\" value=\"\/index.php\/wp-json\/wp\/v2\/pages\/1503\" \/><input type=\"hidden\" name=\"fw_ext_forms_form_type\" value=\"contact-forms\" \/><input type=\"hidden\" name=\"fw_ext_forms_form_id\" value=\"e719dbe8578307ecec03dce2b82f4410\" \/><div class=\"wrap-forms\">\n\t<div class=\"fw-row\"><\/div><div class=\"fw-row\"><div class=\"fw-col-xs-12 form-builder-item\">\n\t<div class=\"field-text\">\n\t\t\t\t<label for=\"id-1\">Imi\u0119 i nazwisko\t\t\t<sup>*<\/sup>\t\t<\/label>\n\t\t\t\t<input type=\"text\" name=\"text_7a09528\" placeholder=\"\" value=\"\" id=\"id-1\" required=\"required\">\n\t\t\t<\/div>\n<\/div><\/div><div class=\"fw-row\"><div class=\"fw-col-xs-12 form-builder-item\">\n\t<div class=\"field-textarea\">\n\t\t\t\t<label for=\"id-2\">Wiadomo\u015b\u0107\t\t\t<sup>*<\/sup>\t\t<\/label>\n\t\t\t\t<textarea name=\"textarea_3d16c4d\" placeholder=\"\" id=\"id-2\" required=\"required\"><\/textarea>\n\t\t\t<\/div>\n<\/div><\/div><div class=\"fw-row\"><div class=\"fw-col-xs-12 fw-col-sm-6 form-builder-item\">\n\t<div class=\"field-text\">\n\t\t\t\t<label for=\"id-3\">Email\t\t\t<sup>*<\/sup>\t\t<\/label>\n\t\t\t\t<input type=\"text\" name=\"email_832343e\" placeholder=\"\" value=\"\" id=\"id-3\" required=\"required\">\n\t\t\t<\/div>\n<\/div><\/div><\/div><div>\n\t<input type=\"submit\" value=\"WY\u015aLIJ\" \/>\n<\/div><\/form><\/div>\t<\/div>\r\n<\/div>\r\n\r\n<div class=\"sh-column sh-column-359c9e3aad0b64a5dbeca6eaa6247891 fw-col-xs-12 fw-col-sm-4 sh-column-mobile-padding\" >\r\n\r\n\t\r\n\t<div class=\"sh-column-wrapper\">\r\n\t\t\r\n<div class=\"sh-heading\" id=\"heading-2d9a268171e952405bb6df45ebc71355\">\r\n\r\n\t\r\n\t\t<h2 class=\"sh-heading-content size-default text-left\">\r\n\t\t\tSIEDZIBA\t\t<\/h2>\r\n\r\n\t\r\n<\/div>\r\n<div class=\"sh-output-html\">\r\n\t<iframe src=\"https:\/\/www.google.com\/maps\/embed?pb=!1m18!1m12!1m3!1d2446.684737642772!2d21.07301997708321!3d52.17642517197315!2m3!1f0!2f0!3f0!3m2!1i1024!2i768!4f13.1!3m3!1m2!1s0x47192d543a523749%3A0x47cdcd277109370a!2sWaimea%20Holding%20S.A.!5e0!3m2!1spl!2spl!4v1712508926170!5m2!1spl!2spl\" width=\"540\" height=\"250\" style=\"border:0;\" allowfullscreen=\"\" loading=\"lazy\" referrerpolicy=\"no-referrer-when-downgrade\"><\/iframe><\/div>\r\n\r\n<div class=\"sh-empty-space\" id=\"empty-space-dbbe478438edc94440ed48c1f18ac394\"><\/div>\r\n\r\n<div id=\"text-block-030ebd9bb1463f3e781e05b719866a98\" class=\"sh-text-block\">\r\n\t<p>WAIMEA GROUP<\/p><p>ul. Wiertnicza 133<\/p><p>02-952 Warszawa<\/p><p><a href=\"tel:+48226515131\">+48 22 651 51 31<\/a><\/p><p><a href=\"mailto:biuro@waimeaholding.pl\"><span style=\"font-weight: 400;\">biuro@waimeaholding.pl<\/span><\/a><\/p><\/div>\r\n\r\n<div class=\"sh-empty-space\" id=\"empty-space-cf62f489d14dce4a4c09ab850f6d4485\"><\/div>\r\n\r\n<div class=\"sh-heading\" id=\"heading-80cfefb86b981b6c5f833b725855c949\">\r\n\r\n\t\r\n\t\t<h2 class=\"sh-heading-content size-default text-left\">\r\n\t\t\tLEASING\t\t<\/h2>\r\n\r\n\t\r\n<\/div>\r\n\r\n<div id=\"text-block-05e8565b206986939a62dba8e1f47852\" class=\"sh-text-block\">\r\n\t<p><a href=\"tel:+48609101085\">+48 609 101 085<\/a><\/p><p><a href=\"tel: +48609920001\">+48 609 920 001<\/a><\/p><p><a href=\"mailto:wynajem@waimeaholding.pl\">wynajem@waimeaholding.pl<\/a><\/p><\/div>\r\n\r\n<div class=\"sh-empty-space\" id=\"empty-space-887bafe0d96f2b451fe2aafdd4d4317b\"><\/div>\r\n\r\n<div class=\"sh-heading\" id=\"heading-f3f22dc05f320c3019ae67c963e5e2e9\">\r\n\r\n\t\r\n\t\t<h2 class=\"sh-heading-content size-default text-left\">\r\n\t\t\tPROPERTY MANAGEMENT\t\t<\/h2>\r\n\r\n\t\r\n<\/div>\r\n\r\n<div id=\"text-block-f078b4b2a942cd6d9c3ba993361a6dee\" class=\"sh-text-block\">\r\n\t<p><a href=\"tel:+ 48532728485\">+ 48 <span style=\"font-weight: 400;\">532 728 485<\/span><\/a><\/p><p><a href=\"mailto:progala@waimeaholding.pl\"><span style=\"font-weight: 400;\">progala@waimeaholding.pl<\/span><\/a><\/p><\/div>\r\n\r\n<div class=\"sh-empty-space\" id=\"empty-space-1168d82162cf142e6d7bc9a0f051fb9b\"><\/div>\r\n\r\n<div class=\"sh-heading\" id=\"heading-76e4b256b575dfe2704560962990635f\">\r\n\r\n\t\r\n\t\t<h2 class=\"sh-heading-content size-default text-left\">\r\n\t\t\tCAPITAL MARKETS\t\t<\/h2>\r\n\r\n\t\r\n<\/div>\r\n\r\n<div id=\"text-block-312bcff1ffe2fc8db473e998eaf8949b\" class=\"sh-text-block\">\r\n\t<p><a href=\"tel:+ 48533521900\"><span style=\"font-weight: 400;\">+48 533 521 900<\/span><\/a><\/p><p><a href=\"mailto:tciesielski@waimeaholding.pl\"><span style=\"font-weight: 400;\">tciesielski@waimeaholding.pl<\/span><\/a><\/p><\/div>\r\n\r\n<div class=\"sh-empty-space\" id=\"empty-space-8aeead3c3fde36c00d355d0b16037b6a\"><\/div>\r\n\r\n<div class=\"sh-heading\" id=\"heading-0392fd7f23ccdcc22dc1da545083d6d8\">\r\n\r\n\t\r\n\t\t<h2 class=\"sh-heading-content size-default text-left\">\r\n\t\t\tLAND ACQUISITION\t\t<\/h2>\r\n\r\n\t\r\n<\/div>\r\n\r\n<div id=\"text-block-5df018ecaa03d8bf985e79f4bfaad561\" class=\"sh-text-block\">\r\n\t<p><a href=\"tel:+ 48721668505\">+48 721 668 505<\/a><\/p><p><a href=\"mailto:scichocki@waimeaholding.pl\"><span style=\"font-weight: 400;\">scichocki@waimeaholding.pl<\/span><\/a><\/p><\/div>\r\n\r\n<div class=\"sh-empty-space\" id=\"empty-space-211a834212167c8114a5766926986099\"><\/div>\r\n\t<\/div>\r\n<\/div>\r\n<\/div>\n\n\t<\/div>\r\n<\/section>\r\n\n","protected":false},"excerpt":{"rendered":"<p>Skontaktuj si\u0119 z nami Imi\u0119 i nazwisko * Wiadomo\u015b\u0107 * Email * SIEDZIBA WAIMEA GROUPul. Wiertnicza 13302-952 Warszawa+48 22 651 51 31biuro@waimeaholding.pl LEASING +48 609 101 085+48 609 920 001wynajem@waimeaholding.pl PROPERTY MANAGEMENT + 48 532 728 485progala@waimeaholding.pl CAPITAL MARKETS +48 533 521 900tciesielski@waimeaholding.pl LAND ACQUISITION&#8230;<\/p>\n","protected":false},"author":1,"featured_media":0,"parent":0,"menu_order":0,"comment_status":"closed","ping_status":"closed","template":"","meta":{"_acf_changed":false,"_monsterinsights_skip_tracking":false,"_monsterinsights_sitenote_active":false,"_monsterinsights_sitenote_note":"","_monsterinsights_sitenote_category":0,"footnotes":""},"acf":[],"_links":{"self":[{"href":"https:\/\/www.waimeaholding.pl\/index.php\/wp-json\/wp\/v2\/pages\/1503"}],"collection":[{"href":"https:\/\/www.waimeaholding.pl\/index.php\/wp-json\/wp\/v2\/pages"}],"about":[{"href":"https:\/\/www.waimeaholding.pl\/index.php\/wp-json\/wp\/v2\/types\/page"}],"author":[{"embeddable":true,"href":"https:\/\/www.waimeaholding.pl\/index.php\/wp-json\/wp\/v2\/users\/1"}],"replies":[{"embeddable":true,"href":"https:\/\/www.waimeaholding.pl\/index.php\/wp-json\/wp\/v2\/comments?post=1503"}],"version-history":[{"count":67,"href":"https:\/\/www.waimeaholding.pl\/index.php\/wp-json\/wp\/v2\/pages\/1503\/revisions"}],"predecessor-version":[{"id":3699,"href":"https:\/\/www.waimeaholding.pl\/index.php\/wp-json\/wp\/v2\/pages\/1503\/revisions\/3699"}],"wp:attachment":[{"href":"https:\/\/www.waimeaholding.pl\/index.php\/wp-json\/wp\/v2\/media?parent=1503"}],"curies":[{"name":"wp","href":"https:\/\/api.w.org\/{rel}","templated":true}]}}